{"id":499,"date":"2026-02-15T19:31:28","date_gmt":"2026-02-15T19:31:28","guid":{"rendered":"https:\/\/aquamarine-stingray-503709.hostingersite.com\/about\/"},"modified":"2026-02-22T22:21:53","modified_gmt":"2026-02-22T22:21:53","slug":"about","status":"publish","type":"page","link":"https:\/\/rodriguezestaras.com.ar\/?page_id=499","title":{"rendered":"Nosotros hacemos la diferencia"},"content":{"rendered":"\n<p><strong>Somos un equipo interdisciplinario integrado por&nbsp;Contadores P\u00fablicos, Licenciados en Administraci\u00f3n y especialistas en Costos y Control de Gesti\u00f3n. Esta diversidad de perfiles, unida a nuestra experiencia en el sector inmobiliario, nos permite ofrecer un asesoramiento integral \u00fanico. <\/strong><\/p>\n\n\n\n<p><strong>No solo gestionamos la compraventa de propiedades, brindamos un&nbsp;respaldo t\u00e9cnico y estrat\u00e9gico&nbsp;en cada etapa del proceso, garantizando una transici\u00f3n segura, transparente y sin imprevistos.<\/strong><\/p>\n\n\n<div data-spectra-id=\"e4be775b\"\tstyle=\"overflow: visible; --spectra-background-color: var(--ast-global-color-5);\" class=\"spectra-is-root-container alignfull spectra-overlay-color spectra-overflow spectra-background-color wp-block-spectra-container\" data-orientation=\"vertical\"\t>\n\t\n\n<div class=\"wp-block-columns is-layout-flex wp-container-core-columns-is-layout-28f84493 wp-block-columns-is-layout-flex\">\n<div class=\"wp-block-column is-layout-flow wp-block-column-is-layout-flow\">\n<p>&#8220;D\u00eda a d\u00eda, trabajamos para honrar el respeto y la confianza que nuestros clientes depositan en nosotros. Somos especialistas en servicios inmobiliarios en&nbsp;<strong>Villa Ballester<\/strong>&nbsp;y alrededores. Nuestra visi\u00f3n mejorada nos permite interpretar con precisi\u00f3n las necesidades de compradores, vendedores e inversores, ofreciendo soluciones a medida con la seguridad y eficacia que nos distingue.&nbsp;<strong>Cont\u00e1ctenos hoy mismo<\/strong>&nbsp;para conocer m\u00e1s sobre nuestros y c\u00f3mo podemos ayudarlo.&#8221;<\/p>\n<\/div>\n\n\n\n<div class=\"wp-block-column is-layout-flow wp-block-column-is-layout-flow\">\n<p>&#8220;Contamos con un&nbsp;<strong>profundo conocimiento<\/strong>&nbsp;del sistema financiero y bancario argentino. Ponemos nuestra experiencia a su disposici\u00f3n para&nbsp;<strong>gestionar y optimizar<\/strong>&nbsp;la documentaci\u00f3n t\u00e9cnica requerida por las entidades, asegurando que su carpeta cumpla con los est\u00e1ndares de cumplimiento exigidos para respaldar su proyecto.&#8221;<\/p>\n<\/div>\n\n\n\n<div class=\"wp-block-column is-layout-flow wp-block-column-is-layout-flow\">\n<p>&#8220;Entendemos que la venta de su propiedad requiere una estrategia 360\u00b0. Por eso, operamos con una\u00a0<strong>franja horaria extendida<\/strong>\u00a0que maximiza las oportunidades de visita durante los fines de semana, cuando los interesados cuentan con mayor disponibilidad. <\/p>\n\n\n\n<p>De lunes a viernes, potenciamos su inmueble mediante\u00a0<strong>campa\u00f1as de marketing digital<\/strong>, gesti\u00f3n de redes sociales y negociaciones estrat\u00e9gicas, asegurando que cada gesti\u00f3n administrativa impulse el cierre de la operaci\u00f3n.&#8221;<\/p>\n<\/div>\n<\/div>\n\n<\/div>\n\n\n\n<p><\/p>\n","protected":false},"excerpt":{"rendered":"<p>Somos un equipo interdisciplinario integrado por&nbsp;Contadores P\u00fablicos, Licenciados en Administraci\u00f3n y especialistas en Costos y Control de Gesti\u00f3n. Esta diversidad de perfiles, unida a nuestra experiencia en el sector inmobiliario, nos permite ofrecer un asesoramiento integral \u00fanico. No solo gestionamos la compraventa de propiedades, brindamos un&nbsp;respaldo t\u00e9cnico y estrat\u00e9gico&nbsp;en cada etapa del proceso, garantizando una [&hellip;]<\/p>\n","protected":false},"author":1,"featured_media":0,"parent":0,"menu_order":0,"comment_status":"closed","ping_status":"closed","template":"","meta":{"_uag_custom_page_level_css":"","footnotes":""},"class_list":["post-499","page","type-page","status-publish","hentry"],"_hostinger_reach_plugin_has_subscription_block":false,"_hostinger_reach_plugin_is_elementor":false,"uagb_featured_image_src":{"full":false,"thumbnail":false,"medium":false,"medium_large":false,"large":false,"1536x1536":false,"2048x2048":false},"uagb_author_info":{"display_name":"carlosadrian2401@gmail.com","author_link":"https:\/\/rodriguezestaras.com.ar\/?author=1"},"uagb_comment_info":0,"uagb_excerpt":"Somos un equipo interdisciplinario integrado por&nbsp;Contadores P\u00fablicos, Licenciados en Administraci\u00f3n y especialistas en Costos y Control de Gesti\u00f3n. Esta diversidad de perfiles, unida a nuestra experiencia en el sector inmobiliario, nos permite ofrecer un asesoramiento integral \u00fanico. No solo gestionamos la compraventa de propiedades, brindamos un&nbsp;respaldo t\u00e9cnico y estrat\u00e9gico&nbsp;en cada etapa del proceso, garantizando una&hellip;","_links":{"self":[{"href":"https:\/\/rodriguezestaras.com.ar\/index.php?rest_route=\/wp\/v2\/pages\/499","targetHints":{"allow":["GET"]}}],"collection":[{"href":"https:\/\/rodriguezestaras.com.ar\/index.php?rest_route=\/wp\/v2\/pages"}],"about":[{"href":"https:\/\/rodriguezestaras.com.ar\/index.php?rest_route=\/wp\/v2\/types\/page"}],"author":[{"embeddable":true,"href":"https:\/\/rodriguezestaras.com.ar\/index.php?rest_route=\/wp\/v2\/users\/1"}],"replies":[{"embeddable":true,"href":"https:\/\/rodriguezestaras.com.ar\/index.php?rest_route=%2Fwp%2Fv2%2Fcomments&post=499"}],"version-history":[{"count":12,"href":"https:\/\/rodriguezestaras.com.ar\/index.php?rest_route=\/wp\/v2\/pages\/499\/revisions"}],"predecessor-version":[{"id":2369,"href":"https:\/\/rodriguezestaras.com.ar\/index.php?rest_route=\/wp\/v2\/pages\/499\/revisions\/2369"}],"wp:attachment":[{"href":"https:\/\/rodriguezestaras.com.ar\/index.php?rest_route=%2Fwp%2Fv2%2Fmedia&parent=499"}],"curies":[{"name":"wp","href":"https:\/\/api.w.org\/{rel}","templated":true}]}}